{"id":234,"date":"2017-10-21T08:41:03","date_gmt":"2017-10-21T08:41:03","guid":{"rendered":"http:\/\/apressthemes.com\/demo17\/?page_id=229"},"modified":"2023-09-05T11:09:47","modified_gmt":"2023-09-05T14:09:47","slug":"about","status":"publish","type":"page","link":"https:\/\/www.xn--paosjaime-m6a.com\/?page_id=234","title":{"rendered":"EMPRESA"},"content":{"rendered":"<p>[vc_row][vc_column][vc_empty_space height=&#8221;40px&#8221;][\/vc_column][\/vc_row][vc_row][vc_column width=&#8221;1\/2&#8243; css=&#8221;.vc_custom_1505125243693{padding-right: 5% !important;padding-left: 5% !important;}&#8221;][apress_heading sub_title=&#8221;HISTORIA&#8221; content_alignment=&#8221;left&#8221; data_animation=&#8221;fadeInUp&#8221; enable_delimiter=&#8221;&#8221; color_scheme=&#8221;design_your_own&#8221; main_heading_color=&#8221;#333333&#8243; style=&#8221;heading_style2&#8243; heading_margin=&#8221;margin-bottom:20&#8243; title_font_options=&#8221;tag:h2&#8243; subtitle_font_options=&#8221;tag:div&#8221;]Desde 1979 hasta hoy.[\/apress_heading][vc_column_text css_animation=&#8221;fadeInUp&#8221;]<span style=\"font-weight: 400;\">Pa\u00f1os Jaime fue creado en 1979 por Jaime Ghertner, t\u00e9cnico qu\u00edmico egresado de la emblem\u00e1tica Escuela T\u00e9cnica Otto Krause y formado en la pujante industria textil Argentina de los a\u00f1os \u00b460 -\u00b470 del S XX.<\/span><\/p>\n<p><span style=\"font-weight: 400;\">Su visi\u00f3n fue crear pa\u00f1os especiales para pool y billar, comprometido con los mejores est\u00e1ndares de fabricaci\u00f3n de la \u00e9poca.\u00a0<\/span><\/p>\n<p><span style=\"font-weight: 400;\">Con el tiempo su foco se centr\u00f3 exclusivamente en lograr el mejor pa\u00f1o para pool, \u00fanico en el mercado local, destacado por su calidad y el cuidado en todo el ciclo de fabricaci\u00f3n y por el desarrollo exclusivo que el producto conserva gracias al proceso de investigaci\u00f3n y desarrollo que Jaime realiz\u00f3.<\/span>[\/vc_column_text][vc_single_image image=&#8221;350&#8243; img_size=&#8221;full&#8221; alignment=&#8221;center&#8221; style=&#8221;vc_box_shadow&#8221; onclick=&#8221;link_image&#8221; css_animation=&#8221;fadeInUp&#8221;][\/vc_column][vc_column width=&#8221;1\/2&#8243; css=&#8221;.vc_custom_1505125253613{padding-right: 5% !important;padding-left: 5% !important;}&#8221;][apress_image_slider images=&#8221;427,418,429&#8243; slick_fade_effect=&#8221;yes&#8221; slick_autoplay=&#8221;yes&#8221; slick_autoplay_duration=&#8221;2000&#8243; data_animation=&#8221;fadeInUp&#8221; style=&#8221;slider_style1&#8243; arrows_style=&#8221;arrows_style1&#8243; bullet_navigation_style=&#8221;dots_style1&#8243;][apress_heading sub_title=&#8221;NUESTRO PRODUCTO&#8221; content_alignment=&#8221;left&#8221; data_animation=&#8221;fadeInUp&#8221; enable_delimiter=&#8221;&#8221; color_scheme=&#8221;design_your_own&#8221; main_heading_color=&#8221;#333333&#8243; style=&#8221;heading_style2&#8243; heading_margin=&#8221;margin-bottom:20&#8243; title_font_options=&#8221;tag:h2&#8243; subtitle_font_options=&#8221;tag:div&#8221;]\u00danico pa\u00f1o de pool fabricado en Argentina.[\/apress_heading][vc_column_text css_animation=&#8221;fadeInDown&#8221;]<span style=\"font-weight: 400;\">Hoy, cuarenta a\u00f1os despu\u00e9s, sigue siendo el \u00fanico pa\u00f1o espec\u00edfico para el juego de pool fabricado en Argentina, manteniendo a lo largo de los a\u00f1os su <\/span><span style=\"font-weight: 400;\">calidad.<\/span><\/p>\n<p><span style=\"font-weight: 400;\">La tercera generaci\u00f3n familiar sigue aplicando el mismo m\u00e9todo desarrollado por Jaime Ghertner sumando ajustes tecnol\u00f3gicos actuales, pero siempre cuidando desde la selecci\u00f3n de la materia prima, <\/span><span style=\"font-weight: 400;\">la reconocida lana patag\u00f3nica que por su excelencia hace que el hilado y el tejido resulten \u00f3ptimos.<\/span><\/p>\n<p><span style=\"font-weight: 400;\">La tela es tejida con cuidado y precisi\u00f3n, expresamente dise\u00f1ada para mejorar su juego y permitir que la bola ruede de forma directa y precisa.\u00a0<\/span><\/p>\n<p><span style=\"font-weight: 400;\">Pa\u00f1os Jaime es referencia de perfecci\u00f3n en pa\u00f1os para pool en Argentina.<\/span>[\/vc_column_text][\/vc_column][\/vc_row][vc_row][vc_column]<div class=\"ult-spacer spacer-69f376fad19d4\" data-id=\"69f376fad19d4\" data-height=\"50\" data-height-mobile=\"50\" data-height-tab=\"50\" data-height-tab-portrait=\"\" data-height-mobile-landscape=\"\" style=\"clear:both;display:block;\"><\/div>[\/vc_column][\/vc_row]<\/p>\n","protected":false},"excerpt":{"rendered":"<p>[vc_row][vc_column][vc_empty_space height=&#8221;40px&#8221;][\/vc_column][\/vc_row][vc_row][vc_column width=&#8221;1\/2&#8243; css=&#8221;.vc_custom_1505125243693{padding-right: 5% !important;padding-left: 5% !important;}&#8221;][apress_heading sub_title=&#8221;HISTORIA&#8221; content_alignment=&#8221;left&#8221; data_animation=&#8221;fadeInUp&#8221; enable_delimiter=&#8221;&#8221; color_scheme=&#8221;design_your_own&#8221; main_heading_color=&#8221;#333333&#8243; style=&#8221;heading_style2&#8243; heading_margin=&#8221;margin-bottom:20&#8243; title_font_options=&#8221;tag:h2&#8243; subtitle_font_options=&#8221;tag:div&#8221;]Desde 1979 hasta hoy.[\/apress_heading][vc_column_text css_animation=&#8221;fadeInUp&#8221;]Pa\u00f1os Jaime fue creado en 1979 por Jaime Ghertner, t\u00e9cnico qu\u00edmico egresado de la emblem\u00e1tica Escuela T\u00e9cnica Otto Krause<span class=\"read_more_area\"><a class=\"read-more\" href=\"https:\/\/www.xn--paosjaime-m6a.com\/?page_id=234\"> Continue Reading <\/a><\/span><\/p>\n","protected":false},"author":1,"featured_media":0,"parent":0,"menu_order":0,"comment_status":"closed","ping_status":"closed","template":"","meta":{"footnotes":""},"class_list":["post-234","page","type-page","status-publish","hentry"],"yoast_head":"<!-- This site is optimized with the Yoast SEO plugin v25.7 - https:\/\/yoast.com\/wordpress\/plugins\/seo\/ -->\n<title>Pa\u00f1os Jaime. Fabricante de pa\u00f1os para pool en Argentina.<\/title>\n<meta name=\"description\" content=\"+54911 5826 6270. F\u00e1brica especializada 100% en pa\u00f1o para pool. 85% lana\/15% nylon. Ancho 1.6m.\" \/>\n<meta name=\"robots\" content=\"index, follow, max-snippet:-1, max-image-preview:large, max-video-preview:-1\" \/>\n<link rel=\"canonical\" href=\"https:\/\/www.xn--paosjaime-m6a.com\/?page_id=234\" \/>\n<meta property=\"og:locale\" content=\"es_ES\" \/>\n<meta property=\"og:type\" content=\"article\" \/>\n<meta property=\"og:title\" content=\"Pa\u00f1os Jaime. Fabricante de pa\u00f1os para pool en Argentina.\" \/>\n<meta property=\"og:description\" content=\"+54911 5826 6270. F\u00e1brica especializada 100% en pa\u00f1o para pool. 85% lana\/15% nylon. Ancho 1.6m.\" \/>\n<meta property=\"og:url\" content=\"https:\/\/www.xn--paosjaime-m6a.com\/?page_id=234\" \/>\n<meta property=\"og:site_name\" content=\"Pa\u00f1os Jaime\" \/>\n<meta property=\"article:publisher\" content=\"https:\/\/www.facebook.com\/fabricadepanosparapool\/\" \/>\n<meta property=\"article:modified_time\" content=\"2023-09-05T14:09:47+00:00\" \/>\n<meta name=\"twitter:card\" content=\"summary_large_image\" \/>\n<meta name=\"twitter:label1\" content=\"Tiempo de lectura\" \/>\n\t<meta name=\"twitter:data1\" content=\"2 minutos\" \/>\n<script type=\"application\/ld+json\" class=\"yoast-schema-graph\">{\"@context\":\"https:\/\/schema.org\",\"@graph\":[{\"@type\":\"WebPage\",\"@id\":\"https:\/\/www.xn--paosjaime-m6a.com\/?page_id=234\",\"url\":\"https:\/\/www.xn--paosjaime-m6a.com\/?page_id=234\",\"name\":\"Pa\u00f1os Jaime. Fabricante de pa\u00f1os para pool en Argentina.\",\"isPartOf\":{\"@id\":\"https:\/\/www.xn--paosjaime-m6a.com\/#website\"},\"datePublished\":\"2017-10-21T08:41:03+00:00\",\"dateModified\":\"2023-09-05T14:09:47+00:00\",\"description\":\"+54911 5826 6270. F\u00e1brica especializada 100% en pa\u00f1o para pool. 85% lana\/15% nylon. Ancho 1.6m.\",\"breadcrumb\":{\"@id\":\"https:\/\/www.xn--paosjaime-m6a.com\/?page_id=234#breadcrumb\"},\"inLanguage\":\"es-AR\",\"potentialAction\":[{\"@type\":\"ReadAction\",\"target\":[\"https:\/\/www.xn--paosjaime-m6a.com\/?page_id=234\"]}]},{\"@type\":\"BreadcrumbList\",\"@id\":\"https:\/\/www.xn--paosjaime-m6a.com\/?page_id=234#breadcrumb\",\"itemListElement\":[{\"@type\":\"ListItem\",\"position\":1,\"name\":\"Inicio\",\"item\":\"https:\/\/www.xn--paosjaime-m6a.com\/\"},{\"@type\":\"ListItem\",\"position\":2,\"name\":\"EMPRESA\"}]},{\"@type\":\"WebSite\",\"@id\":\"https:\/\/www.xn--paosjaime-m6a.com\/#website\",\"url\":\"https:\/\/www.xn--paosjaime-m6a.com\/\",\"name\":\"Pa\u00f1os Jaime\",\"description\":\"\u00danico fabricante de pa\u00f1os para pool en Argentina desde hace m\u00e1s de 50 a\u00f1os. Importador de accesorios para pool y billar.\",\"publisher\":{\"@id\":\"https:\/\/www.xn--paosjaime-m6a.com\/#organization\"},\"potentialAction\":[{\"@type\":\"SearchAction\",\"target\":{\"@type\":\"EntryPoint\",\"urlTemplate\":\"https:\/\/www.xn--paosjaime-m6a.com\/?s={search_term_string}\"},\"query-input\":{\"@type\":\"PropertyValueSpecification\",\"valueRequired\":true,\"valueName\":\"search_term_string\"}}],\"inLanguage\":\"es-AR\"},{\"@type\":\"Organization\",\"@id\":\"https:\/\/www.xn--paosjaime-m6a.com\/#organization\",\"name\":\"Pa\u00f1os Jaime\",\"url\":\"https:\/\/www.xn--paosjaime-m6a.com\/\",\"logo\":{\"@type\":\"ImageObject\",\"inLanguage\":\"es-AR\",\"@id\":\"https:\/\/www.xn--paosjaime-m6a.com\/#\/schema\/logo\/image\/\",\"url\":\"https:\/\/www.xn--paosjaime-m6a.com\/wp-content\/uploads\/2019\/10\/panosjaime-logo-x.png\",\"contentUrl\":\"https:\/\/www.xn--paosjaime-m6a.com\/wp-content\/uploads\/2019\/10\/panosjaime-logo-x.png\",\"width\":150,\"height\":71,\"caption\":\"Pa\u00f1os Jaime\"},\"image\":{\"@id\":\"https:\/\/www.xn--paosjaime-m6a.com\/#\/schema\/logo\/image\/\"},\"sameAs\":[\"https:\/\/www.facebook.com\/fabricadepanosparapool\/\"]}]}<\/script>\n<!-- \/ Yoast SEO plugin. -->","yoast_head_json":{"title":"Pa\u00f1os Jaime. Fabricante de pa\u00f1os para pool en Argentina.","description":"+54911 5826 6270. F\u00e1brica especializada 100% en pa\u00f1o para pool. 85% lana\/15% nylon. Ancho 1.6m.","robots":{"index":"index","follow":"follow","max-snippet":"max-snippet:-1","max-image-preview":"max-image-preview:large","max-video-preview":"max-video-preview:-1"},"canonical":"https:\/\/www.xn--paosjaime-m6a.com\/?page_id=234","og_locale":"es_ES","og_type":"article","og_title":"Pa\u00f1os Jaime. Fabricante de pa\u00f1os para pool en Argentina.","og_description":"+54911 5826 6270. F\u00e1brica especializada 100% en pa\u00f1o para pool. 85% lana\/15% nylon. Ancho 1.6m.","og_url":"https:\/\/www.xn--paosjaime-m6a.com\/?page_id=234","og_site_name":"Pa\u00f1os Jaime","article_publisher":"https:\/\/www.facebook.com\/fabricadepanosparapool\/","article_modified_time":"2023-09-05T14:09:47+00:00","twitter_card":"summary_large_image","twitter_misc":{"Tiempo de lectura":"2 minutos"},"schema":{"@context":"https:\/\/schema.org","@graph":[{"@type":"WebPage","@id":"https:\/\/www.xn--paosjaime-m6a.com\/?page_id=234","url":"https:\/\/www.xn--paosjaime-m6a.com\/?page_id=234","name":"Pa\u00f1os Jaime. Fabricante de pa\u00f1os para pool en Argentina.","isPartOf":{"@id":"https:\/\/www.xn--paosjaime-m6a.com\/#website"},"datePublished":"2017-10-21T08:41:03+00:00","dateModified":"2023-09-05T14:09:47+00:00","description":"+54911 5826 6270. F\u00e1brica especializada 100% en pa\u00f1o para pool. 85% lana\/15% nylon. Ancho 1.6m.","breadcrumb":{"@id":"https:\/\/www.xn--paosjaime-m6a.com\/?page_id=234#breadcrumb"},"inLanguage":"es-AR","potentialAction":[{"@type":"ReadAction","target":["https:\/\/www.xn--paosjaime-m6a.com\/?page_id=234"]}]},{"@type":"BreadcrumbList","@id":"https:\/\/www.xn--paosjaime-m6a.com\/?page_id=234#breadcrumb","itemListElement":[{"@type":"ListItem","position":1,"name":"Inicio","item":"https:\/\/www.xn--paosjaime-m6a.com\/"},{"@type":"ListItem","position":2,"name":"EMPRESA"}]},{"@type":"WebSite","@id":"https:\/\/www.xn--paosjaime-m6a.com\/#website","url":"https:\/\/www.xn--paosjaime-m6a.com\/","name":"Pa\u00f1os Jaime","description":"\u00danico fabricante de pa\u00f1os para pool en Argentina desde hace m\u00e1s de 50 a\u00f1os. Importador de accesorios para pool y billar.","publisher":{"@id":"https:\/\/www.xn--paosjaime-m6a.com\/#organization"},"potentialAction":[{"@type":"SearchAction","target":{"@type":"EntryPoint","urlTemplate":"https:\/\/www.xn--paosjaime-m6a.com\/?s={search_term_string}"},"query-input":{"@type":"PropertyValueSpecification","valueRequired":true,"valueName":"search_term_string"}}],"inLanguage":"es-AR"},{"@type":"Organization","@id":"https:\/\/www.xn--paosjaime-m6a.com\/#organization","name":"Pa\u00f1os Jaime","url":"https:\/\/www.xn--paosjaime-m6a.com\/","logo":{"@type":"ImageObject","inLanguage":"es-AR","@id":"https:\/\/www.xn--paosjaime-m6a.com\/#\/schema\/logo\/image\/","url":"https:\/\/www.xn--paosjaime-m6a.com\/wp-content\/uploads\/2019\/10\/panosjaime-logo-x.png","contentUrl":"https:\/\/www.xn--paosjaime-m6a.com\/wp-content\/uploads\/2019\/10\/panosjaime-logo-x.png","width":150,"height":71,"caption":"Pa\u00f1os Jaime"},"image":{"@id":"https:\/\/www.xn--paosjaime-m6a.com\/#\/schema\/logo\/image\/"},"sameAs":["https:\/\/www.facebook.com\/fabricadepanosparapool\/"]}]}},"_links":{"self":[{"href":"https:\/\/www.xn--paosjaime-m6a.com\/index.php?rest_route=\/wp\/v2\/pages\/234","targetHints":{"allow":["GET"]}}],"collection":[{"href":"https:\/\/www.xn--paosjaime-m6a.com\/index.php?rest_route=\/wp\/v2\/pages"}],"about":[{"href":"https:\/\/www.xn--paosjaime-m6a.com\/index.php?rest_route=\/wp\/v2\/types\/page"}],"author":[{"embeddable":true,"href":"https:\/\/www.xn--paosjaime-m6a.com\/index.php?rest_route=\/wp\/v2\/users\/1"}],"replies":[{"embeddable":true,"href":"https:\/\/www.xn--paosjaime-m6a.com\/index.php?rest_route=%2Fwp%2Fv2%2Fcomments&post=234"}],"version-history":[{"count":24,"href":"https:\/\/www.xn--paosjaime-m6a.com\/index.php?rest_route=\/wp\/v2\/pages\/234\/revisions"}],"predecessor-version":[{"id":453,"href":"https:\/\/www.xn--paosjaime-m6a.com\/index.php?rest_route=\/wp\/v2\/pages\/234\/revisions\/453"}],"wp:attachment":[{"href":"https:\/\/www.xn--paosjaime-m6a.com\/index.php?rest_route=%2Fwp%2Fv2%2Fmedia&parent=234"}],"curies":[{"name":"wp","href":"https:\/\/api.w.org\/{rel}","templated":true}]}}