{"id":235,"date":"2017-10-21T08:48:41","date_gmt":"2017-10-21T08:48:41","guid":{"rendered":"http:\/\/apressthemes.com\/demo17\/?page_id=235"},"modified":"2023-09-05T11:09:47","modified_gmt":"2023-09-05T14:09:47","slug":"contact","status":"publish","type":"page","link":"https:\/\/www.xn--paosjaime-m6a.com\/?page_id=235","title":{"rendered":"Cont\u00e1ctenos"},"content":{"rendered":"<p>[vc_row][vc_column][vc_column_text]<\/p>\n<h6 style=\"text-align: center;\">[S\u00f3lo venta por pieza]<\/h6>\n<p>[\/vc_column_text][\/vc_column][\/vc_row][vc_row gap=&#8221;30&#8243; css=&#8221;.vc_custom_1505388678518{padding-top: 60px !important;padding-bottom: 50px !important;}&#8221;][vc_column css_animation=&#8221;fadeInUp&#8221; width=&#8221;1\/3&#8243;]\r\n<!--zolo calltoaction Row Start-->\r\n\r\n<div id=\"apress_contactform_1\" class=\"apress_contactform medium_buttton noanimation\" data-animation =\"No Animation\" data-delay =\"500\"> \r\n\t\n<div class=\"wpcf7 no-js\" id=\"wpcf7-f239-o1\" lang=\"en-US\" dir=\"ltr\" data-wpcf7-id=\"239\">\n<div class=\"screen-reader-response\"><p role=\"status\" aria-live=\"polite\" aria-atomic=\"true\"><\/p> <ul><\/ul><\/div>\n<form action=\"\/index.php?rest_route=%2Fwp%2Fv2%2Fpages%2F235#wpcf7-f239-o1\" method=\"post\" class=\"wpcf7-form init\" aria-label=\"Contact form\" novalidate=\"novalidate\" data-status=\"init\">\n<fieldset class=\"hidden-fields-container\"><input type=\"hidden\" name=\"_wpcf7\" value=\"239\" \/><input type=\"hidden\" name=\"_wpcf7_version\" value=\"6.1.1\" \/><input type=\"hidden\" name=\"_wpcf7_locale\" value=\"en_US\" \/><input type=\"hidden\" name=\"_wpcf7_unit_tag\" value=\"wpcf7-f239-o1\" \/><input type=\"hidden\" name=\"_wpcf7_container_post\" value=\"0\" \/><input type=\"hidden\" name=\"_wpcf7_posted_data_hash\" value=\"\" \/><input type=\"hidden\" name=\"_wpcf7_recaptcha_response\" value=\"\" \/>\n<\/fieldset>\n<ul class=\"contact_form input_bottom_border\">\n\t<li class=\"one_half\">\n\t\t<p><span class=\"wpcf7-form-control-wrap\" data-name=\"your-name\"><input size=\"40\" maxlength=\"400\" class=\"wpcf7-form-control wpcf7-text wpcf7-validates-as-required\" aria-required=\"true\" aria-invalid=\"false\" placeholder=\"Nombre\" value=\"\" type=\"text\" name=\"your-name\" \/><\/span>\n\t\t<\/p>\n\t<\/li>\n\t<li class=\"one_half\">\n\t\t<p><span class=\"wpcf7-form-control-wrap\" data-name=\"your-email\"><input size=\"40\" maxlength=\"400\" class=\"wpcf7-form-control wpcf7-email wpcf7-validates-as-required wpcf7-text wpcf7-validates-as-email\" aria-required=\"true\" aria-invalid=\"false\" placeholder=\"Email\" value=\"\" type=\"email\" name=\"your-email\" \/><\/span>\n\t\t<\/p>\n\t<\/li>\n\t<li>\n\t\t<p><span class=\"wpcf7-form-control-wrap\" data-name=\"your-subject\"><input size=\"40\" maxlength=\"400\" class=\"wpcf7-form-control wpcf7-text\" aria-invalid=\"false\" placeholder=\"Subject\" value=\"\" type=\"text\" name=\"your-subject\" \/><\/span>\n\t\t<\/p>\n\t<\/li>\n\t<li>\n\t\t<p><span class=\"wpcf7-form-control-wrap\" data-name=\"your-message\"><textarea cols=\"40\" rows=\"10\" maxlength=\"2000\" class=\"wpcf7-form-control wpcf7-textarea\" aria-invalid=\"false\" placeholder=\"Mensaje\" name=\"your-message\"><\/textarea><\/span>\n\t\t<\/p>\n\t<\/li>\n\t<li buttononclick=\"return gtag_report_conversion('https:\/\/www.xn--paosjaime-m6a.com\/contact\/')\">\n\t\t<p><input class=\"wpcf7-form-control wpcf7-submit has-spinner\" type=\"submit\" value=\"Enviar\" \/>\n\t\t<\/p>\n\t<\/li>\n<\/ul><div class=\"wpcf7-response-output\" aria-hidden=\"true\"><\/div>\n<\/form>\n<\/div>\n \r\n<\/div>\r\n[\/vc_column][vc_column width=&#8221;1\/3&#8243;][vc_empty_space height=&#8221;20px&#8221;][apress_gradient_icon_box description=&#8221;&#8221; data_animation=&#8221;fadeInUp&#8221; icon_family=&#8221;fontawesome&#8221; icon_fontawesome=&#8221;fa fa-mobile&#8221; style=&#8221;iconbox_style1&#8243; title_font_options=&#8221;tag:h4&#8243;]<a href=\"tel:+5491158266270\">+54911 5826 6270<\/a>[\/apress_gradient_icon_box][vc_empty_space height=&#8221;50px&#8221;][apress_gradient_icon_box description=&#8221;&#8221; data_animation=&#8221;fadeInUp&#8221; icon_family=&#8221;fontawesome&#8221; icon_fontawesome=&#8221;fa fa-map-marker&#8221; gradient_icon_size=&#8221;25&#8243; style=&#8221;iconbox_style1&#8243; title_font_options=&#8221;tag:h4&#8243;]Peiping 5174. CABA. Buenos Aires. Argentina.[\/apress_gradient_icon_box][\/vc_column][vc_column width=&#8221;1\/3&#8243;][vc_gmaps link=&#8221;#E-8_JTNDaWZyYW1lJTIwc3JjJTNEJTIyaHR0cHMlM0ElMkYlMkZ3d3cuZ29vZ2xlLmNvbSUyRm1hcHMlMkZlbWJlZCUzRnBiJTNEJTIxMW0xOCUyMTFtMTIlMjExbTMlMjExZDMyODMuNDA0MDUxNjY5Nzg0NiUyMTJkLTU4LjUxNDgyMzA0MjU3MjYlMjEzZC0zNC42MTkyMjgzMDE0MDUzMyUyMTJtMyUyMTFmMCUyMTJmMCUyMTNmMCUyMTNtMiUyMTFpMTAyNCUyMTJpNzY4JTIxNGYxMy4xJTIxM20zJTIxMW0yJTIxMXMweDk1YmNjODI5NjEzNTNlMzklMjUzQTB4ZDdlMzY3ZDcyNmM1YmM3ZiUyMTJzUGVpcGluZyUyNTIwNTE3NCUyNTJDJTI1MjBDMTQxNyUyNTIwQ0FCQSUyMTVlMCUyMTNtMiUyMTFzZXMlMjEyc2FyJTIxNHYxNTcxODczNjI3MDgzJTIxNW0yJTIxMXNlcyUyMTJzYXIlMjIlMjB3aWR0aCUzRCUyMjYwMCUyMiUyMGhlaWdodCUzRCUyMjQ1MCUyMiUyMGZyYW1lYm9yZGVyJTNEJTIyMCUyMiUyMHN0eWxlJTNEJTIyYm9yZGVyJTNBMCUzQiUyMiUyMGFsbG93ZnVsbHNjcmVlbiUzRCUyMiUyMiUzRSUzQyUyRmlmcmFtZSUzRQ==&#8221; css_animation=&#8221;fadeInUp&#8221;][\/vc_column][\/vc_row]<\/p>\n","protected":false},"excerpt":{"rendered":"<p>[vc_row][vc_column][vc_column_text] [S\u00f3lo venta por pieza] [\/vc_column_text][\/vc_column][\/vc_row][vc_row gap=&#8221;30&#8243; css=&#8221;.vc_custom_1505388678518{padding-top: 60px !important;padding-bottom: 50px !important;}&#8221;][vc_column css_animation=&#8221;fadeInUp&#8221; width=&#8221;1\/3&#8243;][\/vc_column][vc_column width=&#8221;1\/3&#8243;][vc_empty_space height=&#8221;20px&#8221;][apress_gradient_icon_box description=&#8221;&#8221; data_animation=&#8221;fadeInUp&#8221; icon_family=&#8221;fontawesome&#8221; icon_fontawesome=&#8221;fa fa-mobile&#8221; style=&#8221;iconbox_style1&#8243; title_font_options=&#8221;tag:h4&#8243;]+54911 5826 6270[\/apress_gradient_icon_box][vc_empty_space height=&#8221;50px&#8221;][apress_gradient_icon_box description=&#8221;&#8221; data_animation=&#8221;fadeInUp&#8221; icon_family=&#8221;fontawesome&#8221; icon_fontawesome=&#8221;fa fa-map-marker&#8221; gradient_icon_size=&#8221;25&#8243; style=&#8221;iconbox_style1&#8243; title_font_options=&#8221;tag:h4&#8243;]Peiping 5174. CABA. Buenos Aires. Argentina.[\/apress_gradient_icon_box][\/vc_column][vc_column width=&#8221;1\/3&#8243;][vc_gmaps<span class=\"read_more_area\"><a class=\"read-more\" href=\"https:\/\/www.xn--paosjaime-m6a.com\/?page_id=235\"> Continue Reading <\/a><\/span><\/p>\n","protected":false},"author":1,"featured_media":0,"parent":0,"menu_order":0,"comment_status":"closed","ping_status":"closed","template":"","meta":{"footnotes":""},"class_list":["post-235","page","type-page","status-publish","hentry"],"yoast_head":"<!-- This site is optimized with the Yoast SEO plugin v25.7 - https:\/\/yoast.com\/wordpress\/plugins\/seo\/ -->\n<title>Pa\u00f1os Jaime. Fabricante de pa\u00f1os para pool en Argentina.<\/title>\n<meta name=\"description\" content=\"+54911 5826 6270. F\u00e1brica especializada 100% en pa\u00f1o para pool. 85% lana\/15% nylon. Ancho 1.6m.\" \/>\n<meta name=\"robots\" content=\"index, follow, max-snippet:-1, max-image-preview:large, max-video-preview:-1\" \/>\n<link rel=\"canonical\" href=\"https:\/\/www.xn--paosjaime-m6a.com\/?page_id=235\" \/>\n<meta property=\"og:locale\" content=\"es_ES\" \/>\n<meta property=\"og:type\" content=\"article\" \/>\n<meta property=\"og:title\" content=\"Pa\u00f1os Jaime. Fabricante de pa\u00f1os para pool en Argentina.\" \/>\n<meta property=\"og:description\" content=\"+54911 5826 6270. F\u00e1brica especializada 100% en pa\u00f1o para pool. 85% lana\/15% nylon. Ancho 1.6m.\" \/>\n<meta property=\"og:url\" content=\"https:\/\/www.xn--paosjaime-m6a.com\/?page_id=235\" \/>\n<meta property=\"og:site_name\" content=\"Pa\u00f1os Jaime\" \/>\n<meta property=\"article:publisher\" content=\"https:\/\/www.facebook.com\/fabricadepanosparapool\/\" \/>\n<meta property=\"article:modified_time\" content=\"2023-09-05T14:09:47+00:00\" \/>\n<meta name=\"twitter:card\" content=\"summary_large_image\" \/>\n<meta name=\"twitter:label1\" content=\"Tiempo de lectura\" \/>\n\t<meta name=\"twitter:data1\" content=\"1 minuto\" \/>\n<script type=\"application\/ld+json\" class=\"yoast-schema-graph\">{\"@context\":\"https:\/\/schema.org\",\"@graph\":[{\"@type\":\"WebPage\",\"@id\":\"https:\/\/www.xn--paosjaime-m6a.com\/?page_id=235\",\"url\":\"https:\/\/www.xn--paosjaime-m6a.com\/?page_id=235\",\"name\":\"Pa\u00f1os Jaime. Fabricante de pa\u00f1os para pool en Argentina.\",\"isPartOf\":{\"@id\":\"https:\/\/www.xn--paosjaime-m6a.com\/#website\"},\"datePublished\":\"2017-10-21T08:48:41+00:00\",\"dateModified\":\"2023-09-05T14:09:47+00:00\",\"description\":\"+54911 5826 6270. F\u00e1brica especializada 100% en pa\u00f1o para pool. 85% lana\/15% nylon. Ancho 1.6m.\",\"breadcrumb\":{\"@id\":\"https:\/\/www.xn--paosjaime-m6a.com\/?page_id=235#breadcrumb\"},\"inLanguage\":\"es-AR\",\"potentialAction\":[{\"@type\":\"ReadAction\",\"target\":[\"https:\/\/www.xn--paosjaime-m6a.com\/?page_id=235\"]}]},{\"@type\":\"BreadcrumbList\",\"@id\":\"https:\/\/www.xn--paosjaime-m6a.com\/?page_id=235#breadcrumb\",\"itemListElement\":[{\"@type\":\"ListItem\",\"position\":1,\"name\":\"Inicio\",\"item\":\"https:\/\/www.xn--paosjaime-m6a.com\/\"},{\"@type\":\"ListItem\",\"position\":2,\"name\":\"Cont\u00e1ctenos\"}]},{\"@type\":\"WebSite\",\"@id\":\"https:\/\/www.xn--paosjaime-m6a.com\/#website\",\"url\":\"https:\/\/www.xn--paosjaime-m6a.com\/\",\"name\":\"Pa\u00f1os Jaime\",\"description\":\"\u00danico fabricante de pa\u00f1os para pool en Argentina desde hace m\u00e1s de 50 a\u00f1os. Importador de accesorios para pool y billar.\",\"publisher\":{\"@id\":\"https:\/\/www.xn--paosjaime-m6a.com\/#organization\"},\"potentialAction\":[{\"@type\":\"SearchAction\",\"target\":{\"@type\":\"EntryPoint\",\"urlTemplate\":\"https:\/\/www.xn--paosjaime-m6a.com\/?s={search_term_string}\"},\"query-input\":{\"@type\":\"PropertyValueSpecification\",\"valueRequired\":true,\"valueName\":\"search_term_string\"}}],\"inLanguage\":\"es-AR\"},{\"@type\":\"Organization\",\"@id\":\"https:\/\/www.xn--paosjaime-m6a.com\/#organization\",\"name\":\"Pa\u00f1os Jaime\",\"url\":\"https:\/\/www.xn--paosjaime-m6a.com\/\",\"logo\":{\"@type\":\"ImageObject\",\"inLanguage\":\"es-AR\",\"@id\":\"https:\/\/www.xn--paosjaime-m6a.com\/#\/schema\/logo\/image\/\",\"url\":\"https:\/\/www.xn--paosjaime-m6a.com\/wp-content\/uploads\/2019\/10\/panosjaime-logo-x.png\",\"contentUrl\":\"https:\/\/www.xn--paosjaime-m6a.com\/wp-content\/uploads\/2019\/10\/panosjaime-logo-x.png\",\"width\":150,\"height\":71,\"caption\":\"Pa\u00f1os Jaime\"},\"image\":{\"@id\":\"https:\/\/www.xn--paosjaime-m6a.com\/#\/schema\/logo\/image\/\"},\"sameAs\":[\"https:\/\/www.facebook.com\/fabricadepanosparapool\/\"]}]}<\/script>\n<!-- \/ Yoast SEO plugin. -->","yoast_head_json":{"title":"Pa\u00f1os Jaime. Fabricante de pa\u00f1os para pool en Argentina.","description":"+54911 5826 6270. F\u00e1brica especializada 100% en pa\u00f1o para pool. 85% lana\/15% nylon. Ancho 1.6m.","robots":{"index":"index","follow":"follow","max-snippet":"max-snippet:-1","max-image-preview":"max-image-preview:large","max-video-preview":"max-video-preview:-1"},"canonical":"https:\/\/www.xn--paosjaime-m6a.com\/?page_id=235","og_locale":"es_ES","og_type":"article","og_title":"Pa\u00f1os Jaime. Fabricante de pa\u00f1os para pool en Argentina.","og_description":"+54911 5826 6270. F\u00e1brica especializada 100% en pa\u00f1o para pool. 85% lana\/15% nylon. Ancho 1.6m.","og_url":"https:\/\/www.xn--paosjaime-m6a.com\/?page_id=235","og_site_name":"Pa\u00f1os Jaime","article_publisher":"https:\/\/www.facebook.com\/fabricadepanosparapool\/","article_modified_time":"2023-09-05T14:09:47+00:00","twitter_card":"summary_large_image","twitter_misc":{"Tiempo de lectura":"1 minuto"},"schema":{"@context":"https:\/\/schema.org","@graph":[{"@type":"WebPage","@id":"https:\/\/www.xn--paosjaime-m6a.com\/?page_id=235","url":"https:\/\/www.xn--paosjaime-m6a.com\/?page_id=235","name":"Pa\u00f1os Jaime. Fabricante de pa\u00f1os para pool en Argentina.","isPartOf":{"@id":"https:\/\/www.xn--paosjaime-m6a.com\/#website"},"datePublished":"2017-10-21T08:48:41+00:00","dateModified":"2023-09-05T14:09:47+00:00","description":"+54911 5826 6270. F\u00e1brica especializada 100% en pa\u00f1o para pool. 85% lana\/15% nylon. Ancho 1.6m.","breadcrumb":{"@id":"https:\/\/www.xn--paosjaime-m6a.com\/?page_id=235#breadcrumb"},"inLanguage":"es-AR","potentialAction":[{"@type":"ReadAction","target":["https:\/\/www.xn--paosjaime-m6a.com\/?page_id=235"]}]},{"@type":"BreadcrumbList","@id":"https:\/\/www.xn--paosjaime-m6a.com\/?page_id=235#breadcrumb","itemListElement":[{"@type":"ListItem","position":1,"name":"Inicio","item":"https:\/\/www.xn--paosjaime-m6a.com\/"},{"@type":"ListItem","position":2,"name":"Cont\u00e1ctenos"}]},{"@type":"WebSite","@id":"https:\/\/www.xn--paosjaime-m6a.com\/#website","url":"https:\/\/www.xn--paosjaime-m6a.com\/","name":"Pa\u00f1os Jaime","description":"\u00danico fabricante de pa\u00f1os para pool en Argentina desde hace m\u00e1s de 50 a\u00f1os. Importador de accesorios para pool y billar.","publisher":{"@id":"https:\/\/www.xn--paosjaime-m6a.com\/#organization"},"potentialAction":[{"@type":"SearchAction","target":{"@type":"EntryPoint","urlTemplate":"https:\/\/www.xn--paosjaime-m6a.com\/?s={search_term_string}"},"query-input":{"@type":"PropertyValueSpecification","valueRequired":true,"valueName":"search_term_string"}}],"inLanguage":"es-AR"},{"@type":"Organization","@id":"https:\/\/www.xn--paosjaime-m6a.com\/#organization","name":"Pa\u00f1os Jaime","url":"https:\/\/www.xn--paosjaime-m6a.com\/","logo":{"@type":"ImageObject","inLanguage":"es-AR","@id":"https:\/\/www.xn--paosjaime-m6a.com\/#\/schema\/logo\/image\/","url":"https:\/\/www.xn--paosjaime-m6a.com\/wp-content\/uploads\/2019\/10\/panosjaime-logo-x.png","contentUrl":"https:\/\/www.xn--paosjaime-m6a.com\/wp-content\/uploads\/2019\/10\/panosjaime-logo-x.png","width":150,"height":71,"caption":"Pa\u00f1os Jaime"},"image":{"@id":"https:\/\/www.xn--paosjaime-m6a.com\/#\/schema\/logo\/image\/"},"sameAs":["https:\/\/www.facebook.com\/fabricadepanosparapool\/"]}]}},"_links":{"self":[{"href":"https:\/\/www.xn--paosjaime-m6a.com\/index.php?rest_route=\/wp\/v2\/pages\/235","targetHints":{"allow":["GET"]}}],"collection":[{"href":"https:\/\/www.xn--paosjaime-m6a.com\/index.php?rest_route=\/wp\/v2\/pages"}],"about":[{"href":"https:\/\/www.xn--paosjaime-m6a.com\/index.php?rest_route=\/wp\/v2\/types\/page"}],"author":[{"embeddable":true,"href":"https:\/\/www.xn--paosjaime-m6a.com\/index.php?rest_route=\/wp\/v2\/users\/1"}],"replies":[{"embeddable":true,"href":"https:\/\/www.xn--paosjaime-m6a.com\/index.php?rest_route=%2Fwp%2Fv2%2Fcomments&post=235"}],"version-history":[{"count":26,"href":"https:\/\/www.xn--paosjaime-m6a.com\/index.php?rest_route=\/wp\/v2\/pages\/235\/revisions"}],"predecessor-version":[{"id":511,"href":"https:\/\/www.xn--paosjaime-m6a.com\/index.php?rest_route=\/wp\/v2\/pages\/235\/revisions\/511"}],"wp:attachment":[{"href":"https:\/\/www.xn--paosjaime-m6a.com\/index.php?rest_route=%2Fwp%2Fv2%2Fmedia&parent=235"}],"curies":[{"name":"wp","href":"https:\/\/api.w.org\/{rel}","templated":true}]}}