{"id":544,"date":"2024-08-26T17:12:50","date_gmt":"2024-08-26T20:12:50","guid":{"rendered":"https:\/\/www.xn--paosjaime-m6a.com\/?page_id=544"},"modified":"2024-08-26T18:55:59","modified_gmt":"2024-08-26T21:55:59","slug":"calidad","status":"publish","type":"page","link":"https:\/\/www.xn--paosjaime-m6a.com\/?page_id=544","title":{"rendered":"CALIDAD"},"content":{"rendered":"<p>[vc_row][vc_column centered_text=&#8221;true&#8221; width=&#8221;2\/12&#8243;][\/vc_column][vc_column centered_text=&#8221;true&#8221; width=&#8221;8\/12&#8243;][apress_heading sub_title=&#8221;&#8221; content_alignment=&#8221;left&#8221; data_animation=&#8221;fadeInUp&#8221; enable_delimiter=&#8221;&#8221; color_scheme=&#8221;design_your_own&#8221; main_heading_color=&#8221;#333333&#8243; style=&#8221;heading_style2&#8243; heading_margin=&#8221;margin-bottom:20&#8243; title_font_options=&#8221;tag:h2&#8243; subtitle_font_options=&#8221;tag:div&#8221;]<\/p>\n<p style=\"text-align: center;\"><b>\u00bfSab\u00eda que las mesas de pool necesitan pa\u00f1o de lana con caracter\u00edsticas especiales?<\/b><\/p>\n<p>[\/apress_heading][\/vc_column][vc_column width=&#8221;2\/12&#8243;][\/vc_column][\/vc_row][vc_row][vc_column width=&#8221;1\/2&#8243; css=&#8221;.vc_custom_1505125243693{padding-right: 5% !important;padding-left: 5% !important;}&#8221;][apress_heading sub_title=&#8221;&#8221; content_alignment=&#8221;left&#8221; data_animation=&#8221;fadeInUp&#8221; enable_delimiter=&#8221;&#8221; color_scheme=&#8221;design_your_own&#8221; main_heading_color=&#8221;#333333&#8243; style=&#8221;heading_style2&#8243; heading_margin=&#8221;margin-bottom:20&#8243; title_font_options=&#8221;tag:h2&#8243; subtitle_font_options=&#8221;tag:div&#8221;]<\/p>\n<h3>Ent\u00e9rese por qu\u00e9:<\/h3>\n<p>[\/apress_heading][vc_column_text css_animation=&#8221;fadeInUp&#8221;]<b>Caracter\u00edsticas \u00fanicas del Pa\u00f1o de lana para Pool<\/b><\/p>\n<ul>\n<li style=\"font-weight: 400;\" aria-level=\"1\"><span style=\"font-weight: 400;\">Composici\u00f3n: 90% lana+10% de Nylon.<\/span><\/li>\n<li style=\"font-weight: 400;\" aria-level=\"1\"><span style=\"font-weight: 400;\">Peso por m<\/span><span style=\"font-weight: 400;\">2<\/span><span style=\"font-weight: 400;\">: 560 g<\/span><\/li>\n<li style=\"font-weight: 400;\" aria-level=\"1\"><span style=\"font-weight: 400;\">Tipo de tejido: Alta densidad.<\/span><\/li>\n<\/ul>\n<p>[\/vc_column_text][vc_column_text css_animation=&#8221;fadeInDown&#8221;]<b>Durabilidad y Resistencia al Desgaste<\/b><\/p>\n<ul>\n<li style=\"font-weight: 400;\" aria-level=\"1\"><span style=\"font-weight: 400;\">El pa\u00f1o de lana es conocido por su resistencia y durabilidad a la fricci\u00f3n.<\/span><\/li>\n<li style=\"font-weight: 400;\" aria-level=\"1\"><span style=\"font-weight: 400;\">Posee un tejido apretado y denso resistente al desgaste y a roturas.<\/span><\/li>\n<li style=\"font-weight: 400;\" aria-level=\"1\"><span style=\"font-weight: 400;\">Soporta el roce constante de las bolas y los tacos.<\/span><\/li>\n<li style=\"font-weight: 400;\" aria-level=\"1\"><span style=\"font-weight: 400;\">Por lo tanto, el pa\u00f1o de lana para pool tiene una vida \u00fatil mucho m\u00e1s larga en comparaci\u00f3n con pa\u00f1os de otros materiales.<\/span><\/li>\n<\/ul>\n<p>[\/vc_column_text][vc_column_text css_animation=&#8221;fadeInDown&#8221;]<b>Resistencia a la Deformaci\u00f3n<\/b><\/p>\n<ul>\n<li style=\"font-weight: 400;\" aria-level=\"1\"><span style=\"font-weight: 400;\">Por su tejido de lana especial apretado y denso, el pa\u00f1o mantiene su forma y tensi\u00f3n.<\/span><\/li>\n<li style=\"font-weight: 400;\" aria-level=\"1\"><span style=\"font-weight: 400;\">Por ello evita arrugas y estiramientos que afectar\u00e1n el juego a la larga en el tiempo.<\/span><\/li>\n<\/ul>\n<p>[\/vc_column_text][vc_column_text css_animation=&#8221;fadeInUp&#8221;]<b>Absorci\u00f3n de Ruido<\/b><\/p>\n<ul>\n<li style=\"font-weight: 400;\" aria-level=\"1\"><span style=\"font-weight: 400;\">La lana tiene propiedades ac\u00fasticas \u00fanicas que ayudan a absorber el sonido producido por el juego con el choque de las bolas.<\/span><\/li>\n<li style=\"font-weight: 400;\" aria-level=\"1\"><span style=\"font-weight: 400;\">Esto crea un ambiente de juego m\u00e1s tranquilo y agradable para los jugadores, sobre todo si ten\u00e9s muchas mesas en uso al mismo tiempo.<\/span><\/li>\n<\/ul>\n<p>[\/vc_column_text][\/vc_column][vc_column width=&#8221;1\/2&#8243; css=&#8221;.vc_custom_1505125253613{padding-right: 5% !important;padding-left: 5% !important;}&#8221;][vc_single_image image=&#8221;554&#8243; img_size=&#8221;full&#8221; css_animation=&#8221;fadeInUp&#8221;][vc_column_text css_animation=&#8221;fadeInDown&#8221;]<b>Mantenimiento<\/b><\/p>\n<ul>\n<li style=\"font-weight: 400;\" aria-level=\"1\"><span style=\"font-weight: 400;\">El pa\u00f1o para pool, debido a su tejido apretado y denso es m\u00e1s f\u00e1cil de limpiar, ya que las part\u00edculas de suciedad tienen menos espacio para incrustarse en el, reduciendo a su vez la absorci\u00f3n de l\u00edquidos.<\/span><\/li>\n<li style=\"font-weight: 400;\" aria-level=\"1\"><span style=\"font-weight: 400;\">Puede ser cepillado y aspirado para remover el polvo y la tiza sin inconvenientes.<\/span><\/li>\n<\/ul>\n<p>[\/vc_column_text][vc_column_text css_animation=&#8221;fadeInUp&#8221;]<b>Frecuencia de reemplazo<\/b><\/p>\n<ul>\n<li style=\"font-weight: 400;\" aria-level=\"1\"><span style=\"font-weight: 400;\">Debido a las caracter\u00edsticas especiales que mencionamos anteriormente, el pa\u00f1o de lana para pool le har\u00e1 ahorrar tiempo y dinero, porque la frecuencia de reemplazo es mucho menor a la de pa\u00f1os de materiales que no son especiales para mesas de pool.<\/span><\/li>\n<\/ul>\n<p>[\/vc_column_text][\/vc_column][\/vc_row][vc_row][vc_column]<div class=\"ult-spacer spacer-69f47fcd28262\" data-id=\"69f47fcd28262\" data-height=\"50\" data-height-mobile=\"50\" data-height-tab=\"50\" data-height-tab-portrait=\"\" data-height-mobile-landscape=\"\" style=\"clear:both;display:block;\"><\/div>[\/vc_column][\/vc_row][vc_row full_width=&#8221;stretch_row&#8221; css=&#8221;.vc_custom_1724709357341{padding-top: 30px !important;padding-bottom: 30px !important;background: #ffffff url(https:\/\/www.xn--paosjaime-m6a.com\/wp-content\/uploads\/2019\/08\/stockpermanente.png?id=336) !important;}&#8221;][vc_column css=&#8221;.vc_custom_1501867341160{padding-left: 5% !important;}&#8221;][apress_heading sub_title=&#8221;&#8221; data_animation=&#8221;fadeInUp&#8221; enable_delimiter=&#8221;&#8221; color_scheme=&#8221;design_your_own&#8221; main_heading_color=&#8221;#ffffff&#8221; style=&#8221;heading_style2&#8243; heading_margin=&#8221;margin-bottom:20&#8243; title_font_options=&#8221;tag:h1|font_size:40|line_height:50&#8243; subtitle_font_options=&#8221;tag:div&#8221;]<\/p>\n<p style=\"text-align: center;\"><span style=\"font-weight: 400;\">Para m\u00e1s informaci\u00f3n sobre venta mayorista<\/span><\/p>\n<p>[\/apress_heading][apress_button button_text=&#8221;CONT\u00c1CTENOS&#8221; color_scheme=&#8221;design_your_own&#8221; button_bg_color=&#8221;rgba(82,149,234,0.01)&#8221; button_bg_color_h=&#8221;#0a0204&#8243; button_border_color=&#8221;#ffffff&#8221; button_border_color_h=&#8221;#0a0a0a&#8221; button_size=&#8221;large&#8221; button_alignment=&#8221;center&#8221; data_animation=&#8221;fadeInUp&#8221; button_shape=&#8221;square&#8221; button_link=&#8221;url:https%3A%2F%2Fwww.xn--paosjaime-m6a.com%2F%3Fpage_id%3D235|title:Cont%C3%A1ctenos||&#8221;][\/vc_column][\/vc_row]<\/p>\n","protected":false},"excerpt":{"rendered":"<p>[vc_row][vc_column centered_text=&#8221;true&#8221; width=&#8221;2\/12&#8243;][\/vc_column][vc_column centered_text=&#8221;true&#8221; width=&#8221;8\/12&#8243;][apress_heading sub_title=&#8221;&#8221; content_alignment=&#8221;left&#8221; data_animation=&#8221;fadeInUp&#8221; enable_delimiter=&#8221;&#8221; color_scheme=&#8221;design_your_own&#8221; main_heading_color=&#8221;#333333&#8243; style=&#8221;heading_style2&#8243; heading_margin=&#8221;margin-bottom:20&#8243; title_font_options=&#8221;tag:h2&#8243; subtitle_font_options=&#8221;tag:div&#8221;] \u00bfSab\u00eda que las mesas de pool necesitan pa\u00f1o de lana con caracter\u00edsticas especiales? [\/apress_heading][\/vc_column][vc_column width=&#8221;2\/12&#8243;][\/vc_column][\/vc_row][vc_row][vc_column width=&#8221;1\/2&#8243; css=&#8221;.vc_custom_1505125243693{padding-right: 5% !important;padding-left: 5% !important;}&#8221;][apress_heading sub_title=&#8221;&#8221; content_alignment=&#8221;left&#8221; data_animation=&#8221;fadeInUp&#8221; enable_delimiter=&#8221;&#8221;<span class=\"read_more_area\"><a class=\"read-more\" href=\"https:\/\/www.xn--paosjaime-m6a.com\/?page_id=544\"> Continue Reading <\/a><\/span><\/p>\n","protected":false},"author":1,"featured_media":0,"parent":0,"menu_order":0,"comment_status":"closed","ping_status":"closed","template":"","meta":{"footnotes":""},"class_list":["post-544","page","type-page","status-publish","hentry"],"yoast_head":"<!-- This site is optimized with the Yoast SEO plugin v25.7 - https:\/\/yoast.com\/wordpress\/plugins\/seo\/ -->\n<title>Pa\u00f1os Jaime. Fabricante de pa\u00f1os para pool en Argentina.<\/title>\n<meta name=\"description\" content=\"+54911 5826 6270. F\u00e1brica especializada 100% en pa\u00f1o para pool. 85% lana\/15% nylon. Ancho 1.6m.\" \/>\n<meta name=\"robots\" content=\"index, follow, max-snippet:-1, max-image-preview:large, max-video-preview:-1\" \/>\n<link rel=\"canonical\" href=\"https:\/\/www.xn--paosjaime-m6a.com\/?page_id=544\" \/>\n<meta property=\"og:locale\" content=\"es_ES\" \/>\n<meta property=\"og:type\" content=\"article\" \/>\n<meta property=\"og:title\" content=\"Pa\u00f1os Jaime. Fabricante de pa\u00f1os para pool en Argentina.\" \/>\n<meta property=\"og:description\" content=\"+54911 5826 6270. F\u00e1brica especializada 100% en pa\u00f1o para pool. 85% lana\/15% nylon. Ancho 1.6m.\" \/>\n<meta property=\"og:url\" content=\"https:\/\/www.xn--paosjaime-m6a.com\/?page_id=544\" \/>\n<meta property=\"og:site_name\" content=\"Pa\u00f1os Jaime\" \/>\n<meta property=\"article:publisher\" content=\"https:\/\/www.facebook.com\/fabricadepanosparapool\/\" \/>\n<meta property=\"article:modified_time\" content=\"2024-08-26T21:55:59+00:00\" \/>\n<meta name=\"twitter:card\" content=\"summary_large_image\" \/>\n<meta name=\"twitter:label1\" content=\"Tiempo de lectura\" \/>\n\t<meta name=\"twitter:data1\" content=\"2 minutos\" \/>\n<script type=\"application\/ld+json\" class=\"yoast-schema-graph\">{\"@context\":\"https:\/\/schema.org\",\"@graph\":[{\"@type\":\"WebPage\",\"@id\":\"https:\/\/www.xn--paosjaime-m6a.com\/?page_id=544\",\"url\":\"https:\/\/www.xn--paosjaime-m6a.com\/?page_id=544\",\"name\":\"Pa\u00f1os Jaime. Fabricante de pa\u00f1os para pool en Argentina.\",\"isPartOf\":{\"@id\":\"https:\/\/www.xn--paosjaime-m6a.com\/#website\"},\"datePublished\":\"2024-08-26T20:12:50+00:00\",\"dateModified\":\"2024-08-26T21:55:59+00:00\",\"description\":\"+54911 5826 6270. F\u00e1brica especializada 100% en pa\u00f1o para pool. 85% lana\/15% nylon. Ancho 1.6m.\",\"breadcrumb\":{\"@id\":\"https:\/\/www.xn--paosjaime-m6a.com\/?page_id=544#breadcrumb\"},\"inLanguage\":\"es-AR\",\"potentialAction\":[{\"@type\":\"ReadAction\",\"target\":[\"https:\/\/www.xn--paosjaime-m6a.com\/?page_id=544\"]}]},{\"@type\":\"BreadcrumbList\",\"@id\":\"https:\/\/www.xn--paosjaime-m6a.com\/?page_id=544#breadcrumb\",\"itemListElement\":[{\"@type\":\"ListItem\",\"position\":1,\"name\":\"Inicio\",\"item\":\"https:\/\/www.xn--paosjaime-m6a.com\/\"},{\"@type\":\"ListItem\",\"position\":2,\"name\":\"CALIDAD\"}]},{\"@type\":\"WebSite\",\"@id\":\"https:\/\/www.xn--paosjaime-m6a.com\/#website\",\"url\":\"https:\/\/www.xn--paosjaime-m6a.com\/\",\"name\":\"Pa\u00f1os Jaime\",\"description\":\"\u00danico fabricante de pa\u00f1os para pool en Argentina desde hace m\u00e1s de 50 a\u00f1os. Importador de accesorios para pool y billar.\",\"publisher\":{\"@id\":\"https:\/\/www.xn--paosjaime-m6a.com\/#organization\"},\"potentialAction\":[{\"@type\":\"SearchAction\",\"target\":{\"@type\":\"EntryPoint\",\"urlTemplate\":\"https:\/\/www.xn--paosjaime-m6a.com\/?s={search_term_string}\"},\"query-input\":{\"@type\":\"PropertyValueSpecification\",\"valueRequired\":true,\"valueName\":\"search_term_string\"}}],\"inLanguage\":\"es-AR\"},{\"@type\":\"Organization\",\"@id\":\"https:\/\/www.xn--paosjaime-m6a.com\/#organization\",\"name\":\"Pa\u00f1os Jaime\",\"url\":\"https:\/\/www.xn--paosjaime-m6a.com\/\",\"logo\":{\"@type\":\"ImageObject\",\"inLanguage\":\"es-AR\",\"@id\":\"https:\/\/www.xn--paosjaime-m6a.com\/#\/schema\/logo\/image\/\",\"url\":\"https:\/\/www.xn--paosjaime-m6a.com\/wp-content\/uploads\/2019\/10\/panosjaime-logo-x.png\",\"contentUrl\":\"https:\/\/www.xn--paosjaime-m6a.com\/wp-content\/uploads\/2019\/10\/panosjaime-logo-x.png\",\"width\":150,\"height\":71,\"caption\":\"Pa\u00f1os Jaime\"},\"image\":{\"@id\":\"https:\/\/www.xn--paosjaime-m6a.com\/#\/schema\/logo\/image\/\"},\"sameAs\":[\"https:\/\/www.facebook.com\/fabricadepanosparapool\/\"]}]}<\/script>\n<!-- \/ Yoast SEO plugin. -->","yoast_head_json":{"title":"Pa\u00f1os Jaime. Fabricante de pa\u00f1os para pool en Argentina.","description":"+54911 5826 6270. F\u00e1brica especializada 100% en pa\u00f1o para pool. 85% lana\/15% nylon. Ancho 1.6m.","robots":{"index":"index","follow":"follow","max-snippet":"max-snippet:-1","max-image-preview":"max-image-preview:large","max-video-preview":"max-video-preview:-1"},"canonical":"https:\/\/www.xn--paosjaime-m6a.com\/?page_id=544","og_locale":"es_ES","og_type":"article","og_title":"Pa\u00f1os Jaime. Fabricante de pa\u00f1os para pool en Argentina.","og_description":"+54911 5826 6270. F\u00e1brica especializada 100% en pa\u00f1o para pool. 85% lana\/15% nylon. Ancho 1.6m.","og_url":"https:\/\/www.xn--paosjaime-m6a.com\/?page_id=544","og_site_name":"Pa\u00f1os Jaime","article_publisher":"https:\/\/www.facebook.com\/fabricadepanosparapool\/","article_modified_time":"2024-08-26T21:55:59+00:00","twitter_card":"summary_large_image","twitter_misc":{"Tiempo de lectura":"2 minutos"},"schema":{"@context":"https:\/\/schema.org","@graph":[{"@type":"WebPage","@id":"https:\/\/www.xn--paosjaime-m6a.com\/?page_id=544","url":"https:\/\/www.xn--paosjaime-m6a.com\/?page_id=544","name":"Pa\u00f1os Jaime. Fabricante de pa\u00f1os para pool en Argentina.","isPartOf":{"@id":"https:\/\/www.xn--paosjaime-m6a.com\/#website"},"datePublished":"2024-08-26T20:12:50+00:00","dateModified":"2024-08-26T21:55:59+00:00","description":"+54911 5826 6270. F\u00e1brica especializada 100% en pa\u00f1o para pool. 85% lana\/15% nylon. Ancho 1.6m.","breadcrumb":{"@id":"https:\/\/www.xn--paosjaime-m6a.com\/?page_id=544#breadcrumb"},"inLanguage":"es-AR","potentialAction":[{"@type":"ReadAction","target":["https:\/\/www.xn--paosjaime-m6a.com\/?page_id=544"]}]},{"@type":"BreadcrumbList","@id":"https:\/\/www.xn--paosjaime-m6a.com\/?page_id=544#breadcrumb","itemListElement":[{"@type":"ListItem","position":1,"name":"Inicio","item":"https:\/\/www.xn--paosjaime-m6a.com\/"},{"@type":"ListItem","position":2,"name":"CALIDAD"}]},{"@type":"WebSite","@id":"https:\/\/www.xn--paosjaime-m6a.com\/#website","url":"https:\/\/www.xn--paosjaime-m6a.com\/","name":"Pa\u00f1os Jaime","description":"\u00danico fabricante de pa\u00f1os para pool en Argentina desde hace m\u00e1s de 50 a\u00f1os. Importador de accesorios para pool y billar.","publisher":{"@id":"https:\/\/www.xn--paosjaime-m6a.com\/#organization"},"potentialAction":[{"@type":"SearchAction","target":{"@type":"EntryPoint","urlTemplate":"https:\/\/www.xn--paosjaime-m6a.com\/?s={search_term_string}"},"query-input":{"@type":"PropertyValueSpecification","valueRequired":true,"valueName":"search_term_string"}}],"inLanguage":"es-AR"},{"@type":"Organization","@id":"https:\/\/www.xn--paosjaime-m6a.com\/#organization","name":"Pa\u00f1os Jaime","url":"https:\/\/www.xn--paosjaime-m6a.com\/","logo":{"@type":"ImageObject","inLanguage":"es-AR","@id":"https:\/\/www.xn--paosjaime-m6a.com\/#\/schema\/logo\/image\/","url":"https:\/\/www.xn--paosjaime-m6a.com\/wp-content\/uploads\/2019\/10\/panosjaime-logo-x.png","contentUrl":"https:\/\/www.xn--paosjaime-m6a.com\/wp-content\/uploads\/2019\/10\/panosjaime-logo-x.png","width":150,"height":71,"caption":"Pa\u00f1os Jaime"},"image":{"@id":"https:\/\/www.xn--paosjaime-m6a.com\/#\/schema\/logo\/image\/"},"sameAs":["https:\/\/www.facebook.com\/fabricadepanosparapool\/"]}]}},"_links":{"self":[{"href":"https:\/\/www.xn--paosjaime-m6a.com\/index.php?rest_route=\/wp\/v2\/pages\/544","targetHints":{"allow":["GET"]}}],"collection":[{"href":"https:\/\/www.xn--paosjaime-m6a.com\/index.php?rest_route=\/wp\/v2\/pages"}],"about":[{"href":"https:\/\/www.xn--paosjaime-m6a.com\/index.php?rest_route=\/wp\/v2\/types\/page"}],"author":[{"embeddable":true,"href":"https:\/\/www.xn--paosjaime-m6a.com\/index.php?rest_route=\/wp\/v2\/users\/1"}],"replies":[{"embeddable":true,"href":"https:\/\/www.xn--paosjaime-m6a.com\/index.php?rest_route=%2Fwp%2Fv2%2Fcomments&post=544"}],"version-history":[{"count":26,"href":"https:\/\/www.xn--paosjaime-m6a.com\/index.php?rest_route=\/wp\/v2\/pages\/544\/revisions"}],"predecessor-version":[{"id":569,"href":"https:\/\/www.xn--paosjaime-m6a.com\/index.php?rest_route=\/wp\/v2\/pages\/544\/revisions\/569"}],"wp:attachment":[{"href":"https:\/\/www.xn--paosjaime-m6a.com\/index.php?rest_route=%2Fwp%2Fv2%2Fmedia&parent=544"}],"curies":[{"name":"wp","href":"https:\/\/api.w.org\/{rel}","templated":true}]}}