{"id":590,"date":"2025-08-17T08:37:48","date_gmt":"2025-08-17T11:37:48","guid":{"rendered":"https:\/\/www.xn--paosjaime-m6a.com\/?post_type=product&#038;p=590"},"modified":"2025-08-19T12:34:29","modified_gmt":"2025-08-19T15:34:29","slug":"bola-blanca-de-60-mm","status":"publish","type":"product","link":"https:\/\/www.xn--paosjaime-m6a.com\/?product=bola-blanca-de-60-mm","title":{"rendered":"Bola Blanca de 60 mm"},"content":{"rendered":"","protected":false},"excerpt":{"rendered":"","protected":false},"featured_media":676,"template":"","meta":[],"product_brand":[],"product_cat":[25],"product_tag":[30],"class_list":{"0":"post-590","1":"product","2":"type-product","3":"status-publish","4":"has-post-thumbnail","6":"product_cat-accesorios","7":"product_tag-bola-blanca-de-60-mm","9":"first","10":"instock","11":"shipping-taxable","12":"product-type-simple"},"yoast_head":"<!-- This site is optimized with the Yoast SEO plugin v25.7 - https:\/\/yoast.com\/wordpress\/plugins\/seo\/ -->\n<title>Pa\u00f1os Jaime. Todo para pool. Accesorios. Tacos, bolas, tizas.<\/title>\n<meta name=\"description\" content=\"Cont\u00e1ctenos +54911 5826 6270.\" \/>\n<meta name=\"robots\" content=\"index, follow, max-snippet:-1, max-image-preview:large, max-video-preview:-1\" \/>\n<link rel=\"canonical\" href=\"https:\/\/www.xn--paosjaime-m6a.com\/?product=bola-blanca-de-60-mm\" \/>\n<meta property=\"og:locale\" content=\"es_ES\" \/>\n<meta property=\"og:type\" content=\"article\" \/>\n<meta property=\"og:title\" content=\"Pa\u00f1os Jaime. Todo para pool. Accesorios. Tacos, bolas, tizas.\" \/>\n<meta property=\"og:description\" content=\"Cont\u00e1ctenos +54911 5826 6270.\" \/>\n<meta property=\"og:url\" content=\"https:\/\/www.xn--paosjaime-m6a.com\/?product=bola-blanca-de-60-mm\" \/>\n<meta property=\"og:site_name\" content=\"Pa\u00f1os Jaime\" \/>\n<meta property=\"article:publisher\" content=\"https:\/\/www.facebook.com\/fabricadepanosparapool\/\" \/>\n<meta property=\"article:modified_time\" content=\"2025-08-19T15:34:29+00:00\" \/>\n<meta property=\"og:image\" content=\"https:\/\/www.xn--paosjaime-m6a.com\/wp-content\/uploads\/2025\/08\/7-1.png\" \/>\n\t<meta property=\"og:image:width\" content=\"500\" \/>\n\t<meta property=\"og:image:height\" content=\"600\" \/>\n\t<meta property=\"og:image:type\" content=\"image\/png\" \/>\n<meta name=\"twitter:card\" content=\"summary_large_image\" \/>\n<meta name=\"twitter:label1\" content=\"Tiempo de lectura\" \/>\n\t<meta name=\"twitter:data1\" content=\"1 minuto\" \/>\n<script type=\"application\/ld+json\" class=\"yoast-schema-graph\">{\"@context\":\"https:\/\/schema.org\",\"@graph\":[{\"@type\":\"WebPage\",\"@id\":\"https:\/\/www.xn--paosjaime-m6a.com\/?product=bola-blanca-de-60-mm\",\"url\":\"https:\/\/www.xn--paosjaime-m6a.com\/?product=bola-blanca-de-60-mm\",\"name\":\"Pa\u00f1os Jaime. Todo para pool. Accesorios. Tacos, bolas, tizas.\",\"isPartOf\":{\"@id\":\"https:\/\/www.xn--paosjaime-m6a.com\/#website\"},\"primaryImageOfPage\":{\"@id\":\"https:\/\/www.xn--paosjaime-m6a.com\/?product=bola-blanca-de-60-mm#primaryimage\"},\"image\":{\"@id\":\"https:\/\/www.xn--paosjaime-m6a.com\/?product=bola-blanca-de-60-mm#primaryimage\"},\"thumbnailUrl\":\"https:\/\/www.xn--paosjaime-m6a.com\/wp-content\/uploads\/2025\/08\/7-1.png\",\"datePublished\":\"2025-08-17T11:37:48+00:00\",\"dateModified\":\"2025-08-19T15:34:29+00:00\",\"description\":\"Cont\u00e1ctenos +54911 5826 6270.\",\"breadcrumb\":{\"@id\":\"https:\/\/www.xn--paosjaime-m6a.com\/?product=bola-blanca-de-60-mm#breadcrumb\"},\"inLanguage\":\"es-AR\",\"potentialAction\":[{\"@type\":\"ReadAction\",\"target\":[\"https:\/\/www.xn--paosjaime-m6a.com\/?product=bola-blanca-de-60-mm\"]}]},{\"@type\":\"ImageObject\",\"inLanguage\":\"es-AR\",\"@id\":\"https:\/\/www.xn--paosjaime-m6a.com\/?product=bola-blanca-de-60-mm#primaryimage\",\"url\":\"https:\/\/www.xn--paosjaime-m6a.com\/wp-content\/uploads\/2025\/08\/7-1.png\",\"contentUrl\":\"https:\/\/www.xn--paosjaime-m6a.com\/wp-content\/uploads\/2025\/08\/7-1.png\",\"width\":500,\"height\":600},{\"@type\":\"BreadcrumbList\",\"@id\":\"https:\/\/www.xn--paosjaime-m6a.com\/?product=bola-blanca-de-60-mm#breadcrumb\",\"itemListElement\":[{\"@type\":\"ListItem\",\"position\":1,\"name\":\"Inicio\",\"item\":\"https:\/\/www.xn--paosjaime-m6a.com\/\"},{\"@type\":\"ListItem\",\"position\":2,\"name\":\"PA\u00d1OS\",\"item\":\"https:\/\/www.xn--paosjaime-m6a.com\/?page_id=62\"},{\"@type\":\"ListItem\",\"position\":3,\"name\":\"Bola Blanca de 60 mm\"}]},{\"@type\":\"WebSite\",\"@id\":\"https:\/\/www.xn--paosjaime-m6a.com\/#website\",\"url\":\"https:\/\/www.xn--paosjaime-m6a.com\/\",\"name\":\"Pa\u00f1os Jaime\",\"description\":\"\u00danico fabricante de pa\u00f1os para pool en Argentina desde hace m\u00e1s de 50 a\u00f1os. Importador de accesorios para pool y billar.\",\"publisher\":{\"@id\":\"https:\/\/www.xn--paosjaime-m6a.com\/#organization\"},\"potentialAction\":[{\"@type\":\"SearchAction\",\"target\":{\"@type\":\"EntryPoint\",\"urlTemplate\":\"https:\/\/www.xn--paosjaime-m6a.com\/?s={search_term_string}\"},\"query-input\":{\"@type\":\"PropertyValueSpecification\",\"valueRequired\":true,\"valueName\":\"search_term_string\"}}],\"inLanguage\":\"es-AR\"},{\"@type\":\"Organization\",\"@id\":\"https:\/\/www.xn--paosjaime-m6a.com\/#organization\",\"name\":\"Pa\u00f1os Jaime\",\"url\":\"https:\/\/www.xn--paosjaime-m6a.com\/\",\"logo\":{\"@type\":\"ImageObject\",\"inLanguage\":\"es-AR\",\"@id\":\"https:\/\/www.xn--paosjaime-m6a.com\/#\/schema\/logo\/image\/\",\"url\":\"https:\/\/www.xn--paosjaime-m6a.com\/wp-content\/uploads\/2019\/10\/panosjaime-logo-x.png\",\"contentUrl\":\"https:\/\/www.xn--paosjaime-m6a.com\/wp-content\/uploads\/2019\/10\/panosjaime-logo-x.png\",\"width\":150,\"height\":71,\"caption\":\"Pa\u00f1os Jaime\"},\"image\":{\"@id\":\"https:\/\/www.xn--paosjaime-m6a.com\/#\/schema\/logo\/image\/\"},\"sameAs\":[\"https:\/\/www.facebook.com\/fabricadepanosparapool\/\"]}]}<\/script>\n<!-- \/ Yoast SEO plugin. -->","yoast_head_json":{"title":"Pa\u00f1os Jaime. Todo para pool. Accesorios. Tacos, bolas, tizas.","description":"Cont\u00e1ctenos +54911 5826 6270.","robots":{"index":"index","follow":"follow","max-snippet":"max-snippet:-1","max-image-preview":"max-image-preview:large","max-video-preview":"max-video-preview:-1"},"canonical":"https:\/\/www.xn--paosjaime-m6a.com\/?product=bola-blanca-de-60-mm","og_locale":"es_ES","og_type":"article","og_title":"Pa\u00f1os Jaime. Todo para pool. Accesorios. Tacos, bolas, tizas.","og_description":"Cont\u00e1ctenos +54911 5826 6270.","og_url":"https:\/\/www.xn--paosjaime-m6a.com\/?product=bola-blanca-de-60-mm","og_site_name":"Pa\u00f1os Jaime","article_publisher":"https:\/\/www.facebook.com\/fabricadepanosparapool\/","article_modified_time":"2025-08-19T15:34:29+00:00","og_image":[{"width":500,"height":600,"url":"https:\/\/www.xn--paosjaime-m6a.com\/wp-content\/uploads\/2025\/08\/7-1.png","type":"image\/png"}],"twitter_card":"summary_large_image","twitter_misc":{"Tiempo de lectura":"1 minuto"},"schema":{"@context":"https:\/\/schema.org","@graph":[{"@type":"WebPage","@id":"https:\/\/www.xn--paosjaime-m6a.com\/?product=bola-blanca-de-60-mm","url":"https:\/\/www.xn--paosjaime-m6a.com\/?product=bola-blanca-de-60-mm","name":"Pa\u00f1os Jaime. Todo para pool. Accesorios. Tacos, bolas, tizas.","isPartOf":{"@id":"https:\/\/www.xn--paosjaime-m6a.com\/#website"},"primaryImageOfPage":{"@id":"https:\/\/www.xn--paosjaime-m6a.com\/?product=bola-blanca-de-60-mm#primaryimage"},"image":{"@id":"https:\/\/www.xn--paosjaime-m6a.com\/?product=bola-blanca-de-60-mm#primaryimage"},"thumbnailUrl":"https:\/\/www.xn--paosjaime-m6a.com\/wp-content\/uploads\/2025\/08\/7-1.png","datePublished":"2025-08-17T11:37:48+00:00","dateModified":"2025-08-19T15:34:29+00:00","description":"Cont\u00e1ctenos +54911 5826 6270.","breadcrumb":{"@id":"https:\/\/www.xn--paosjaime-m6a.com\/?product=bola-blanca-de-60-mm#breadcrumb"},"inLanguage":"es-AR","potentialAction":[{"@type":"ReadAction","target":["https:\/\/www.xn--paosjaime-m6a.com\/?product=bola-blanca-de-60-mm"]}]},{"@type":"ImageObject","inLanguage":"es-AR","@id":"https:\/\/www.xn--paosjaime-m6a.com\/?product=bola-blanca-de-60-mm#primaryimage","url":"https:\/\/www.xn--paosjaime-m6a.com\/wp-content\/uploads\/2025\/08\/7-1.png","contentUrl":"https:\/\/www.xn--paosjaime-m6a.com\/wp-content\/uploads\/2025\/08\/7-1.png","width":500,"height":600},{"@type":"BreadcrumbList","@id":"https:\/\/www.xn--paosjaime-m6a.com\/?product=bola-blanca-de-60-mm#breadcrumb","itemListElement":[{"@type":"ListItem","position":1,"name":"Inicio","item":"https:\/\/www.xn--paosjaime-m6a.com\/"},{"@type":"ListItem","position":2,"name":"PA\u00d1OS","item":"https:\/\/www.xn--paosjaime-m6a.com\/?page_id=62"},{"@type":"ListItem","position":3,"name":"Bola Blanca de 60 mm"}]},{"@type":"WebSite","@id":"https:\/\/www.xn--paosjaime-m6a.com\/#website","url":"https:\/\/www.xn--paosjaime-m6a.com\/","name":"Pa\u00f1os Jaime","description":"\u00danico fabricante de pa\u00f1os para pool en Argentina desde hace m\u00e1s de 50 a\u00f1os. Importador de accesorios para pool y billar.","publisher":{"@id":"https:\/\/www.xn--paosjaime-m6a.com\/#organization"},"potentialAction":[{"@type":"SearchAction","target":{"@type":"EntryPoint","urlTemplate":"https:\/\/www.xn--paosjaime-m6a.com\/?s={search_term_string}"},"query-input":{"@type":"PropertyValueSpecification","valueRequired":true,"valueName":"search_term_string"}}],"inLanguage":"es-AR"},{"@type":"Organization","@id":"https:\/\/www.xn--paosjaime-m6a.com\/#organization","name":"Pa\u00f1os Jaime","url":"https:\/\/www.xn--paosjaime-m6a.com\/","logo":{"@type":"ImageObject","inLanguage":"es-AR","@id":"https:\/\/www.xn--paosjaime-m6a.com\/#\/schema\/logo\/image\/","url":"https:\/\/www.xn--paosjaime-m6a.com\/wp-content\/uploads\/2019\/10\/panosjaime-logo-x.png","contentUrl":"https:\/\/www.xn--paosjaime-m6a.com\/wp-content\/uploads\/2019\/10\/panosjaime-logo-x.png","width":150,"height":71,"caption":"Pa\u00f1os Jaime"},"image":{"@id":"https:\/\/www.xn--paosjaime-m6a.com\/#\/schema\/logo\/image\/"},"sameAs":["https:\/\/www.facebook.com\/fabricadepanosparapool\/"]}]}},"_links":{"self":[{"href":"https:\/\/www.xn--paosjaime-m6a.com\/index.php?rest_route=\/wp\/v2\/product\/590","targetHints":{"allow":["GET"]}}],"collection":[{"href":"https:\/\/www.xn--paosjaime-m6a.com\/index.php?rest_route=\/wp\/v2\/product"}],"about":[{"href":"https:\/\/www.xn--paosjaime-m6a.com\/index.php?rest_route=\/wp\/v2\/types\/product"}],"wp:featuredmedia":[{"embeddable":true,"href":"https:\/\/www.xn--paosjaime-m6a.com\/index.php?rest_route=\/wp\/v2\/media\/676"}],"wp:attachment":[{"href":"https:\/\/www.xn--paosjaime-m6a.com\/index.php?rest_route=%2Fwp%2Fv2%2Fmedia&parent=590"}],"wp:term":[{"taxonomy":"product_brand","embeddable":true,"href":"https:\/\/www.xn--paosjaime-m6a.com\/index.php?rest_route=%2Fwp%2Fv2%2Fproduct_brand&post=590"},{"taxonomy":"product_cat","embeddable":true,"href":"https:\/\/www.xn--paosjaime-m6a.com\/index.php?rest_route=%2Fwp%2Fv2%2Fproduct_cat&post=590"},{"taxonomy":"product_tag","embeddable":true,"href":"https:\/\/www.xn--paosjaime-m6a.com\/index.php?rest_route=%2Fwp%2Fv2%2Fproduct_tag&post=590"}],"curies":[{"name":"wp","href":"https:\/\/api.w.org\/{rel}","templated":true}]}}